{"id":180,"date":"2023-01-06T15:12:33","date_gmt":"2023-01-06T15:12:33","guid":{"rendered":"https:\/\/ubakaluxembourg.lu\/?page_id=180"},"modified":"2023-01-06T15:17:41","modified_gmt":"2023-01-06T15:17:41","slug":"histoire","status":"publish","type":"page","link":"https:\/\/ubakaluxembourg.lu\/?page_id=180","title":{"rendered":"Histoire"},"content":{"rendered":"\t\t<div data-elementor-type=\"wp-page\" data-elementor-id=\"180\" class=\"elementor elementor-180\">\n\t\t\t\t\t\t<section class=\"elementor-section elementor-top-section elementor-element elementor-element-e93c717 elementor-section-boxed elementor-section-height-default elementor-section-height-default wpr-particle-no wpr-jarallax-no wpr-parallax-no wpr-sticky-section-no wpr-equal-height-no\" data-id=\"e93c717\" data-element_type=\"section\" data-e-type=\"section\">\n\t\t\t\t\t\t<div class=\"elementor-container elementor-column-gap-default\">\n\t\t\t\t\t<div class=\"elementor-column elementor-col-100 elementor-top-column elementor-element elementor-element-ae66683\" data-id=\"ae66683\" data-element_type=\"column\" data-e-type=\"column\">\n\t\t\t<div class=\"elementor-widget-wrap elementor-element-populated\">\n\t\t\t\t\t\t<div class=\"elementor-element elementor-element-cf5e41d elementor-widget elementor-widget-image\" data-id=\"cf5e41d\" data-element_type=\"widget\" data-e-type=\"widget\" data-widget_type=\"image.default\">\n\t\t\t\t<div class=\"elementor-widget-container\">\n\t\t\t\t\t\t\t\t\t\t\t\t\t\t\t<img fetchpriority=\"high\" decoding=\"async\" width=\"800\" height=\"272\" src=\"https:\/\/ubakaluxembourg.lu\/wp-content\/uploads\/2023\/01\/304899574_478096564220250_773387774066516467_n-1024x348.jpg\" class=\"attachment-large size-large wp-image-109\" alt=\"\" srcset=\"https:\/\/ubakaluxembourg.lu\/wp-content\/uploads\/2023\/01\/304899574_478096564220250_773387774066516467_n-1024x348.jpg 1024w, https:\/\/ubakaluxembourg.lu\/wp-content\/uploads\/2023\/01\/304899574_478096564220250_773387774066516467_n-600x204.jpg 600w, https:\/\/ubakaluxembourg.lu\/wp-content\/uploads\/2023\/01\/304899574_478096564220250_773387774066516467_n-300x102.jpg 300w, https:\/\/ubakaluxembourg.lu\/wp-content\/uploads\/2023\/01\/304899574_478096564220250_773387774066516467_n-768x261.jpg 768w, https:\/\/ubakaluxembourg.lu\/wp-content\/uploads\/2023\/01\/304899574_478096564220250_773387774066516467_n-1536x522.jpg 1536w, https:\/\/ubakaluxembourg.lu\/wp-content\/uploads\/2023\/01\/304899574_478096564220250_773387774066516467_n.jpg 1600w\" sizes=\"(max-width: 800px) 100vw, 800px\" \/>\t\t\t\t\t\t\t\t\t\t\t\t\t\t\t<\/div>\n\t\t\t\t<\/div>\n\t\t\t\t<div class=\"elementor-element elementor-element-2b85074 elementor-widget elementor-widget-text-editor\" data-id=\"2b85074\" data-element_type=\"widget\" data-e-type=\"widget\" data-widget_type=\"text-editor.default\">\n\t\t\t\t<div class=\"elementor-widget-container\">\n\t\t\t\t\t\t\t\t\t<p><strong>U.B.A.K.A. (Urban Bulldogs Against Kids Abuse), chapitre fondateur, Association Loi 1901 contre toutes formes d&rsquo;abus et de maltraitance des enfants a \u00e9t\u00e9 cr\u00e9\u00e9e en 2011 par Thierry Mac Douglas et 2 amis, tous habitants dans la r\u00e9gion de Nice. Le logo utilis\u00e9 d\u00e8s le d\u00e9part et port\u00e9 par les membres aujourd&rsquo;hui est toujours le m\u00eame.<\/strong><\/p><p><strong>Rapidement de nombreux pays ont cr\u00e9\u00e9 leur r\u00e9seau de chapters : le Canada, les USA, le Mexique, le Royaume Uni, la Su\u00e8de, l&rsquo;Allemagne etc&#8230; et tout r\u00e9cemment le Luxembourg.<\/strong><\/p><p><strong>Quelques chapters on vu le jour en France, mais tous n&rsquo;ont pas perdur\u00e9. A la fin des ann\u00e9es 2010 la plus grande partie a disparu, certains ayant eu des vies \u00e9ph\u00e9m\u00e8res, souvent parce que leurs membres n&rsquo;avaient que peu de motivation pour s&rsquo;occuper du but premier de nos associations : la lutte contre la maltraitance faite aux enfants. Ils \u00e9taient seulement attir\u00e9s par le port de \u00ab\u00a0couleurs\u00a0\u00bb en groupe.<\/strong><\/p><p><strong>Le pr\u00e9sident fondateur, \u00e0 cause de probl\u00e8mes de sant\u00e9, n&rsquo;a pu s&rsquo;occuper du r\u00e9seau pendant quelques temps. Le r\u00e9seau en France \u00e9tait lentement appel\u00e9 \u00e0 disparaitre.<\/strong><br \/><strong>Trois membres de l&rsquo;un des rares chapters encore existant en 2020, ont commenc\u00e9 \u00e0 discuter avec 2 des fondateurs encore actifs. Ils leur ont propos\u00e9 de cr\u00e9er l&rsquo;association U.B.A.K.A. France pour reprendre le flambeau, avec leur accord relancer la cr\u00e9ation de chapters dans les r\u00e9gions encore disponibles, et enfin s&rsquo;occuper de la gestion du r\u00e9seau.<\/strong><\/p><p><strong>L&rsquo;association U.B.A.K.A. France, cr\u00e9\u00e9e en f\u00e9vrier 2021 est compl\u00e8tement ind\u00e9pendante, les pr\u00e9sidents de chaque chapter deviennent automatiquement membres d&rsquo;U.B.A.K.A. France et participent aux grandes d\u00e9cisions prises par l&rsquo;association.<\/strong><\/p>\t\t\t\t\t\t\t\t<\/div>\n\t\t\t\t<\/div>\n\t\t\t\t\t<\/div>\n\t\t<\/div>\n\t\t\t\t\t<\/div>\n\t\t<\/section>\n\t\t\t\t<\/div>\n\t\t","protected":false},"excerpt":{"rendered":"<p>U.B.A.K.A. (Urban Bulldogs Against Kids Abuse), chapitre fondateur, Association Loi 1901 contre toutes formes d&rsquo;abus et de maltraitance des enfants a \u00e9t\u00e9 cr\u00e9\u00e9e en 2011 par Thierry Mac Douglas et 2 amis, tous habitants dans la r\u00e9gion de Nice. Le logo utilis\u00e9 d\u00e8s le d\u00e9part et port\u00e9 par les membres aujourd&rsquo;hui est toujours le m\u00eame. Rapidement de nombreux pays ont cr\u00e9\u00e9 leur r\u00e9seau de chapters : le Canada, les USA, le Mexique, le Royaume Uni, la Su\u00e8de, l&rsquo;Allemagne etc&#8230; et tout r\u00e9cemment le Luxembourg. Quelques chapters on vu le jour en France, mais tous n&rsquo;ont pas perdur\u00e9. A la fin des ann\u00e9es 2010 la plus grande partie a disparu, certains ayant eu des vies \u00e9ph\u00e9m\u00e8res, souvent parce que leurs membres n&rsquo;avaient que peu de motivation pour s&rsquo;occuper du but premier de nos associations : la lutte contre la maltraitance faite aux enfants. Ils \u00e9taient seulement attir\u00e9s par le port de \u00ab\u00a0couleurs\u00a0\u00bb en groupe. Le pr\u00e9sident fondateur, \u00e0 cause de probl\u00e8mes de sant\u00e9, n&rsquo;a pu s&rsquo;occuper du r\u00e9seau pendant quelques temps. Le r\u00e9seau en France \u00e9tait lentement appel\u00e9 \u00e0 disparaitre.Trois membres de l&rsquo;un des rares chapters encore existant en 2020, ont commenc\u00e9 \u00e0 discuter avec 2 des fondateurs encore actifs. Ils leur ont propos\u00e9 de cr\u00e9er l&rsquo;association U.B.A.K.A. France pour reprendre le flambeau, avec leur accord relancer la cr\u00e9ation de chapters dans les r\u00e9gions encore disponibles, et enfin s&rsquo;occuper de la gestion du r\u00e9seau. L&rsquo;association U.B.A.K.A. France, cr\u00e9\u00e9e en f\u00e9vrier 2021 est compl\u00e8tement ind\u00e9pendante, les pr\u00e9sidents de chaque chapter deviennent automatiquement membres d&rsquo;U.B.A.K.A. France et participent aux grandes d\u00e9cisions prises par l&rsquo;association.<\/p>\n","protected":false},"author":1,"featured_media":0,"parent":0,"menu_order":0,"comment_status":"closed","ping_status":"closed","template":"","meta":{"om_disable_all_campaigns":false,"_monsterinsights_skip_tracking":false,"_monsterinsights_sitenote_active":false,"_monsterinsights_sitenote_note":"","_monsterinsights_sitenote_category":0,"footnotes":""},"class_list":["post-180","page","type-page","status-publish","hentry"],"aioseo_notices":[],"_links":{"self":[{"href":"https:\/\/ubakaluxembourg.lu\/index.php?rest_route=\/wp\/v2\/pages\/180","targetHints":{"allow":["GET"]}}],"collection":[{"href":"https:\/\/ubakaluxembourg.lu\/index.php?rest_route=\/wp\/v2\/pages"}],"about":[{"href":"https:\/\/ubakaluxembourg.lu\/index.php?rest_route=\/wp\/v2\/types\/page"}],"author":[{"embeddable":true,"href":"https:\/\/ubakaluxembourg.lu\/index.php?rest_route=\/wp\/v2\/users\/1"}],"replies":[{"embeddable":true,"href":"https:\/\/ubakaluxembourg.lu\/index.php?rest_route=%2Fwp%2Fv2%2Fcomments&post=180"}],"version-history":[{"count":4,"href":"https:\/\/ubakaluxembourg.lu\/index.php?rest_route=\/wp\/v2\/pages\/180\/revisions"}],"predecessor-version":[{"id":192,"href":"https:\/\/ubakaluxembourg.lu\/index.php?rest_route=\/wp\/v2\/pages\/180\/revisions\/192"}],"wp:attachment":[{"href":"https:\/\/ubakaluxembourg.lu\/index.php?rest_route=%2Fwp%2Fv2%2Fmedia&parent=180"}],"curies":[{"name":"wp","href":"https:\/\/api.w.org\/{rel}","templated":true}]}}