{"id":211,"date":"2023-01-06T16:47:48","date_gmt":"2023-01-06T15:47:48","guid":{"rendered":"https:\/\/ubakaluxembourg.lu\/?page_id=211"},"modified":"2024-02-11T22:58:42","modified_gmt":"2024-02-11T21:58:42","slug":"home","status":"publish","type":"page","link":"https:\/\/ubakaluxembourg.lu\/","title":{"rendered":""},"content":{"rendered":"\t\t<div data-elementor-type=\"wp-page\" data-elementor-id=\"211\" class=\"elementor elementor-211\">\n\t\t\t\t\t\t<section class=\"elementor-section elementor-top-section elementor-element elementor-element-8fba746 elementor-section-boxed elementor-section-height-default elementor-section-height-default wpr-particle-no wpr-jarallax-no wpr-parallax-no wpr-sticky-section-no wpr-equal-height-no\" data-id=\"8fba746\" data-element_type=\"section\" data-e-type=\"section\">\n\t\t\t\t\t\t<div class=\"elementor-container elementor-column-gap-default\">\n\t\t\t\t\t<div class=\"elementor-column elementor-col-100 elementor-top-column elementor-element elementor-element-4f985e7\" data-id=\"4f985e7\" data-element_type=\"column\" data-e-type=\"column\">\n\t\t\t<div class=\"elementor-widget-wrap\">\n\t\t\t\t\t\t\t<\/div>\n\t\t<\/div>\n\t\t\t\t\t<\/div>\n\t\t<\/section>\n\t\t\t\t<section class=\"elementor-section elementor-top-section elementor-element elementor-element-89a90c1 elementor-section-boxed elementor-section-height-default elementor-section-height-default wpr-particle-no wpr-jarallax-no wpr-parallax-no wpr-sticky-section-no wpr-equal-height-no\" data-id=\"89a90c1\" data-element_type=\"section\" data-e-type=\"section\">\n\t\t\t\t\t\t<div class=\"elementor-container elementor-column-gap-default\">\n\t\t\t\t\t<div class=\"elementor-column elementor-col-100 elementor-top-column elementor-element elementor-element-b7695d7\" data-id=\"b7695d7\" data-element_type=\"column\" data-e-type=\"column\">\n\t\t\t<div class=\"elementor-widget-wrap elementor-element-populated\">\n\t\t\t\t\t\t<div class=\"elementor-element elementor-element-b1aad44 elementor-widget elementor-widget-text-editor\" data-id=\"b1aad44\" data-element_type=\"widget\" data-e-type=\"widget\" data-widget_type=\"text-editor.default\">\n\t\t\t\t<div class=\"elementor-widget-container\">\n\t\t\t\t\t\t\t\t\t<h6><strong>U.B.A.K.A. (URBAN BULLDOGS AGAINST KIDS<\/strong> <strong>ABUSE)<\/strong><\/h6><p>est une association internationale de motards sans but lucratif fond\u00e9e en France en 2012attach\u00e9e au principe des droits fondamentaux de l\u2019enfance qui soutient les enfants les plus d\u00e9munis et qui se bat contre toute forme de maltraitance.<\/p><p>\u00a0L\u2019association existe entretemps aux USA, Mexique, Irlande, Irlande du Nord, \u00c9cosse, Angleterre, Pays de Galles, Su\u00e8de, Australie, Danemark, Kanada, Allemagne ainsi qu\u2019au Luxembourg.<\/p><p>Le si\u00e8ge luxembourgeois a \u00e9t\u00e9 fond\u00e9 en d\u00e9cembre 2020 \u00e0 Dudelange. Nous avons pour but de soutenir<\/p><p>les enfants qui se trouvent dans des situations financi\u00e8res d\u00e9savantageuses ainsi que et la sensibilisation du harc\u00e8lement moral. Nous accompagnons l\u2019enfant aussi bien au Zoo, au Parc d\u2019attractions etc. Ainsi que de mettre tout en \u0153uvre pour r\u00e9aliser son r\u00eave d\u2019une nouvelle chambre devenue n\u00e9cessaire pour laquelle les parents n\u2019ont pas les moyens. Nous soutenons \u00e9galement les enfants se trouvant dans les orphelinats. Notre sensibilisation du harc\u00e8lement moral se fait dans l\u2019\u00e9cole primaire afin que les enfants comprennent dans leur jeune \u00e2ge ce qui se produit lors du harc\u00e8lement.<\/p><p>Aider<\/p><p>un enfant ne signifie peut-\u00eatre pas de changer le monde, mais cela peut changer le monde pour cet enfant.<\/p><p>Nos moyens financiers proviennent de dons, de subventions, de donations ainsi que de<\/p><p>diff\u00e9rents stands organis\u00e9s par notre association et sont r\u00e9serv\u00e9s int\u00e9gralement et directement aux enfants. <\/p>\t\t\t\t\t\t\t\t<\/div>\n\t\t\t\t<\/div>\n\t\t\t\t\t<\/div>\n\t\t<\/div>\n\t\t\t\t\t<\/div>\n\t\t<\/section>\n\t\t\t\t<\/div>\n\t\t","protected":false},"excerpt":{"rendered":"<p>U.B.A.K.A. (URBAN BULLDOGS AGAINST KIDS ABUSE) est une association internationale de motards sans but lucratif fond\u00e9e en France en 2012attach\u00e9e au principe des droits fondamentaux de l\u2019enfance qui soutient les enfants les plus d\u00e9munis et qui se bat contre toute forme de maltraitance. \u00a0L\u2019association existe entretemps aux USA, Mexique, Irlande, Irlande du Nord, \u00c9cosse, Angleterre, Pays de Galles, Su\u00e8de, Australie, Danemark, Kanada, Allemagne ainsi qu\u2019au Luxembourg. Le si\u00e8ge luxembourgeois a \u00e9t\u00e9 fond\u00e9 en d\u00e9cembre 2020 \u00e0 Dudelange. Nous avons pour but de soutenir les enfants qui se trouvent dans des situations financi\u00e8res d\u00e9savantageuses ainsi que et la sensibilisation du harc\u00e8lement moral. Nous accompagnons l\u2019enfant aussi bien au Zoo, au Parc d\u2019attractions etc. Ainsi que de mettre tout en \u0153uvre pour r\u00e9aliser son r\u00eave d\u2019une nouvelle chambre devenue n\u00e9cessaire pour laquelle les parents n\u2019ont pas les moyens. Nous soutenons \u00e9galement les enfants se trouvant dans les orphelinats. Notre sensibilisation du harc\u00e8lement moral se fait dans l\u2019\u00e9cole primaire afin que les enfants comprennent dans leur jeune \u00e2ge ce qui se produit lors du harc\u00e8lement. Aider un enfant ne signifie peut-\u00eatre pas de changer le monde, mais cela peut changer le monde pour cet enfant. Nos moyens financiers proviennent de dons, de subventions, de donations ainsi que de diff\u00e9rents stands organis\u00e9s par notre association et sont r\u00e9serv\u00e9s int\u00e9gralement et directement aux enfants.<\/p>\n","protected":false},"author":1,"featured_media":0,"parent":0,"menu_order":0,"comment_status":"closed","ping_status":"closed","template":"","meta":{"om_disable_all_campaigns":false,"_monsterinsights_skip_tracking":false,"_monsterinsights_sitenote_active":false,"_monsterinsights_sitenote_note":"","_monsterinsights_sitenote_category":0,"footnotes":""},"class_list":["post-211","page","type-page","status-publish","hentry"],"aioseo_notices":[],"_links":{"self":[{"href":"https:\/\/ubakaluxembourg.lu\/index.php?rest_route=\/wp\/v2\/pages\/211","targetHints":{"allow":["GET"]}}],"collection":[{"href":"https:\/\/ubakaluxembourg.lu\/index.php?rest_route=\/wp\/v2\/pages"}],"about":[{"href":"https:\/\/ubakaluxembourg.lu\/index.php?rest_route=\/wp\/v2\/types\/page"}],"author":[{"embeddable":true,"href":"https:\/\/ubakaluxembourg.lu\/index.php?rest_route=\/wp\/v2\/users\/1"}],"replies":[{"embeddable":true,"href":"https:\/\/ubakaluxembourg.lu\/index.php?rest_route=%2Fwp%2Fv2%2Fcomments&post=211"}],"version-history":[{"count":32,"href":"https:\/\/ubakaluxembourg.lu\/index.php?rest_route=\/wp\/v2\/pages\/211\/revisions"}],"predecessor-version":[{"id":407,"href":"https:\/\/ubakaluxembourg.lu\/index.php?rest_route=\/wp\/v2\/pages\/211\/revisions\/407"}],"wp:attachment":[{"href":"https:\/\/ubakaluxembourg.lu\/index.php?rest_route=%2Fwp%2Fv2%2Fmedia&parent=211"}],"curies":[{"name":"wp","href":"https:\/\/api.w.org\/{rel}","templated":true}]}}