{"id":382,"date":"2023-10-03T07:32:26","date_gmt":"2023-10-03T06:32:26","guid":{"rendered":"https:\/\/ubakaluxembourg.lu\/?page_id=382"},"modified":"2024-09-06T10:20:15","modified_gmt":"2024-09-06T09:20:15","slug":"rejoindre-ubaka","status":"publish","type":"page","link":"https:\/\/ubakaluxembourg.lu\/?page_id=382","title":{"rendered":"Rejoindre UBAKA"},"content":{"rendered":"\t\t<div data-elementor-type=\"wp-page\" data-elementor-id=\"382\" class=\"elementor elementor-382\">\n\t\t\t\t\t\t<section class=\"elementor-section elementor-top-section elementor-element elementor-element-5ee0c81 elementor-section-boxed elementor-section-height-default elementor-section-height-default wpr-particle-no wpr-jarallax-no wpr-parallax-no wpr-sticky-section-no wpr-equal-height-no\" data-id=\"5ee0c81\" data-element_type=\"section\" data-e-type=\"section\">\n\t\t\t\t\t\t<div class=\"elementor-container elementor-column-gap-default\">\n\t\t\t\t\t<div class=\"elementor-column elementor-col-100 elementor-top-column elementor-element elementor-element-19ff3fb\" data-id=\"19ff3fb\" data-element_type=\"column\" data-e-type=\"column\">\n\t\t\t<div class=\"elementor-widget-wrap elementor-element-populated\">\n\t\t\t\t\t\t<div class=\"elementor-element elementor-element-4bb82f9 elementor-widget elementor-widget-text-editor\" data-id=\"4bb82f9\" data-element_type=\"widget\" data-e-type=\"widget\" data-widget_type=\"text-editor.default\">\n\t\t\t\t<div class=\"elementor-widget-container\">\n\t\t\t\t\t\t\t\t\t<h5><strong>Hei sin d\u00e9i verschidden Konditiounen, d\u00e9i mir froen :<\/strong><\/h5>\n<ul>\n<li>E F\u00fchrersch\u00e4in hun (Moto, min, 500cc), Alternative&nbsp;: Piaggio oder Trike<\/li>\n<\/ul>\n<p><em>(Ausnahmen kann de Virstand bei fir de Club noutwendegen F\u00e4ehegkeeten d\u00e9cid\u00e9ieren)<\/em><\/p>\n<ul>\n<li>Keen Alkohol w\u00e4hrend U.B.A.K.A Missiounen a Manifestatiounen, nii DrogenDr\u00e4isprocheg sin, wa m\u00e9iglech<\/li>\n<\/ul>\n<p><em>(bei speziellen F\u00e4ehegkeeten kann de Virstand decid\u00e9ieren ob 3-Sprochegkeet ze verzichten)<\/em><\/p>\n<ul>\n<li>Present an aktiv am Grupp si<\/li>\n<\/ul>\n<div>&nbsp;<\/div>\n<ul>\n<li>En Opnahm-Dokum\u00e9nt ausf\u00ebllen, \u00ebnnerschriwen an a versigelter Versioun zr\u00e9ck gin. Aus dem Strofregister, d\u2019Auszich 3 a 5 fir d\u2019Awunner vu L\u00ebtzebuerg, \u2026 oder frans\u00e9isch, belge, d\u00e4itsch, asw. \u2026 alles h\u00e4ngt vun \u00e4erem Residenzland of.<\/li><\/ul><div><br><\/div><ul>\n<\/ul>\n<p>Wann all d\u00ebs Konditiounen erf\u00ebllt sin, hutt Dir d&rsquo;Chance fir an der grousser UBAKA Famill matzemaachen.<\/p>\t\t\t\t\t\t\t\t<\/div>\n\t\t\t\t<\/div>\n\t\t\t\t\t<\/div>\n\t\t<\/div>\n\t\t\t\t\t<\/div>\n\t\t<\/section>\n\t\t\t\t<section class=\"elementor-section elementor-top-section elementor-element elementor-element-2fc8372 elementor-section-boxed elementor-section-height-default elementor-section-height-default wpr-particle-no wpr-jarallax-no wpr-parallax-no wpr-sticky-section-no wpr-equal-height-no\" data-id=\"2fc8372\" data-element_type=\"section\" data-e-type=\"section\">\n\t\t\t\t\t\t<div class=\"elementor-container elementor-column-gap-default\">\n\t\t\t\t\t<div class=\"elementor-column elementor-col-100 elementor-top-column elementor-element elementor-element-ee1b6b0\" data-id=\"ee1b6b0\" data-element_type=\"column\" data-e-type=\"column\">\n\t\t\t<div class=\"elementor-widget-wrap elementor-element-populated\">\n\t\t\t\t\t\t<div class=\"elementor-element elementor-element-5617936 elementor-widget elementor-widget-text-editor\" data-id=\"5617936\" data-element_type=\"widget\" data-e-type=\"widget\" data-widget_type=\"text-editor.default\">\n\t\t\t\t<div class=\"elementor-widget-container\">\n\t\t\t\t\t\t\t\t\t<h5><strong>Voici les diff\u00e9rentes conditions qui vous seront demand\u00e9es&nbsp;:<\/strong><\/h5>\n<ul>\n<li>Avoir un permis de conduire, (moto, min. 500cc)&nbsp;: Alternative&nbsp;: Piaggio ou Trike<\/li>\n<\/ul>\n<p>(des exceptions peuvent \u00eatre d\u00e9cid\u00e9es par le conseil pour les comp\u00e9tences n\u00e9cessaires du club).<\/p>\n<ul>\n<li>Pas d\u2019alcool pendant les missions et les manifestations d\u2019U.B.A.K.A, pas de drogues.<\/li>\n<\/ul>\n<div><br><\/div>\n<ul>\n<\/ul>\n<ul>\n<li>\u00catre trilingue si possible<\/li>\n<\/ul>\n<p><em>(dans des circonstances particuli\u00e8res, le comit\u00e9 peut d\u00e9cider de renoncer ou non au trilinguisme).<\/em><\/p>\n<ul>\n<li>\u00catre pr\u00e9sent et actif au sein du groupe<\/li>\n<\/ul>\n<div><br><\/div>\n<ul>\n<\/ul>\n<ul>\n<li>Remplir une demande d\u2019adh\u00e9sion et nous ramener en version papier scell\u00e9 un casier judiciaire num\u00e9ro 3 et 5 pour les r\u00e9sidents luxembourgeois, ou casier judiciaire fran\u00e7ais, belge, allemand, etc. \u2026 tout d\u00e9pendra de votre pays de r\u00e9sidence<\/li><\/ul><div><br><\/div><ul>\n<\/ul>\n<p>Une fois toutes ces conditions remplis vous aurez la chance de rejoindre la grande famille U.B.A.K.A. Luxembourg<\/p>\t\t\t\t\t\t\t\t<\/div>\n\t\t\t\t<\/div>\n\t\t\t\t\t<\/div>\n\t\t<\/div>\n\t\t\t\t\t<\/div>\n\t\t<\/section>\n\t\t\t\t<\/div>\n\t\t","protected":false},"excerpt":{"rendered":"<p>Hei sin d\u00e9i verschidden Konditiounen, d\u00e9i mir froen : E F\u00fchrersch\u00e4in hun (Moto, min, 500cc), Alternative&nbsp;: Piaggio oder Trike (Ausnahmen kann de Virstand bei fir de Club noutwendegen F\u00e4ehegkeeten d\u00e9cid\u00e9ieren) Keen Alkohol w\u00e4hrend U.B.A.K.A Missiounen a Manifestatiounen, nii DrogenDr\u00e4isprocheg sin, wa m\u00e9iglech (bei speziellen F\u00e4ehegkeeten kann de Virstand decid\u00e9ieren ob 3-Sprochegkeet ze verzichten) Present an aktiv am Grupp si &nbsp; En Opnahm-Dokum\u00e9nt ausf\u00ebllen, \u00ebnnerschriwen an a versigelter Versioun zr\u00e9ck gin. Aus dem Strofregister, d\u2019Auszich 3 a 5 fir d\u2019Awunner vu L\u00ebtzebuerg, \u2026 oder frans\u00e9isch, belge, d\u00e4itsch, asw. \u2026 alles h\u00e4ngt vun \u00e4erem Residenzland of. Wann all d\u00ebs Konditiounen erf\u00ebllt sin, hutt Dir d&rsquo;Chance fir an der grousser UBAKA Famill matzemaachen. Voici les diff\u00e9rentes conditions qui vous seront demand\u00e9es&nbsp;: Avoir un permis de conduire, (moto, min. 500cc)&nbsp;: Alternative&nbsp;: Piaggio ou Trike (des exceptions peuvent \u00eatre d\u00e9cid\u00e9es par le conseil pour les comp\u00e9tences n\u00e9cessaires du club). Pas d\u2019alcool pendant les missions et les manifestations d\u2019U.B.A.K.A, pas de drogues. \u00catre trilingue si possible (dans des circonstances particuli\u00e8res, le comit\u00e9 peut d\u00e9cider de renoncer ou non au trilinguisme). \u00catre pr\u00e9sent et actif au sein du groupe Remplir une demande d\u2019adh\u00e9sion et nous ramener en version papier scell\u00e9 un casier judiciaire num\u00e9ro 3 et 5 pour les r\u00e9sidents luxembourgeois, ou casier judiciaire fran\u00e7ais, belge, allemand, etc. \u2026 tout d\u00e9pendra de votre pays de r\u00e9sidence Une fois toutes ces conditions remplis vous aurez la chance de rejoindre la grande famille U.B.A.K.A. Luxembourg<\/p>\n","protected":false},"author":1,"featured_media":0,"parent":0,"menu_order":0,"comment_status":"closed","ping_status":"closed","template":"","meta":{"om_disable_all_campaigns":false,"_monsterinsights_skip_tracking":false,"_monsterinsights_sitenote_active":false,"_monsterinsights_sitenote_note":"","_monsterinsights_sitenote_category":0,"footnotes":""},"class_list":["post-382","page","type-page","status-publish","hentry"],"aioseo_notices":[],"_links":{"self":[{"href":"https:\/\/ubakaluxembourg.lu\/index.php?rest_route=\/wp\/v2\/pages\/382","targetHints":{"allow":["GET"]}}],"collection":[{"href":"https:\/\/ubakaluxembourg.lu\/index.php?rest_route=\/wp\/v2\/pages"}],"about":[{"href":"https:\/\/ubakaluxembourg.lu\/index.php?rest_route=\/wp\/v2\/types\/page"}],"author":[{"embeddable":true,"href":"https:\/\/ubakaluxembourg.lu\/index.php?rest_route=\/wp\/v2\/users\/1"}],"replies":[{"embeddable":true,"href":"https:\/\/ubakaluxembourg.lu\/index.php?rest_route=%2Fwp%2Fv2%2Fcomments&post=382"}],"version-history":[{"count":34,"href":"https:\/\/ubakaluxembourg.lu\/index.php?rest_route=\/wp\/v2\/pages\/382\/revisions"}],"predecessor-version":[{"id":453,"href":"https:\/\/ubakaluxembourg.lu\/index.php?rest_route=\/wp\/v2\/pages\/382\/revisions\/453"}],"wp:attachment":[{"href":"https:\/\/ubakaluxembourg.lu\/index.php?rest_route=%2Fwp%2Fv2%2Fmedia&parent=382"}],"curies":[{"name":"wp","href":"https:\/\/api.w.org\/{rel}","templated":true}]}}